{"id":2000,"date":"2023-03-31T08:25:36","date_gmt":"2023-03-31T06:25:36","guid":{"rendered":"https:\/\/eruditego.fr\/?page_id=2000"},"modified":"2023-03-31T08:25:47","modified_gmt":"2023-03-31T06:25:47","slug":"nos-produits","status":"publish","type":"page","link":"https:\/\/eruditego.fr\/?page_id=2000","title":{"rendered":"Nos produits"},"content":{"rendered":"\t\t<div data-elementor-type=\"wp-page\" data-elementor-id=\"2000\" class=\"elementor elementor-2000\">\n\t\t\t\t\t\t\t\t\t<section class=\"elementor-section elementor-top-section elementor-element elementor-element-ab090ba elementor-section-boxed elementor-section-height-default elementor-section-height-default\" data-id=\"ab090ba\" data-element_type=\"section\">\n\t\t\t\t\t\t<div class=\"elementor-container elementor-column-gap-default\">\n\t\t\t\t\t<div class=\"elementor-column elementor-col-100 elementor-top-column elementor-element elementor-element-5281abf\" data-id=\"5281abf\" data-element_type=\"column\">\n\t\t\t<div class=\"elementor-widget-wrap elementor-element-populated\">\n\t\t\t\t\t\t\t\t<div class=\"elementor-element elementor-element-f304054 elementor-widget elementor-widget-cust_heading generic-elements cust_heading\" data-id=\"f304054\" data-element_type=\"widget\" data-settings=\"{&quot;designs&quot;:&quot;design_1&quot;}\" data-widget_type=\"cust_heading.default\">\n\t\t\t\t<div class=\"elementor-widget-container\">\n\t\t\t                                    <div class=\"bd-section__title common  p-relative z-index-11\">\r\n                                            <span class=\"bd-stroke__title\">Solutions<\/span>\r\n                    \r\n                                            <strong class=\"bd-small__title common\">Nos Solutions<\/strong>\r\n                    \r\n                    <h2 class=\"elementor-inline-editing section-title bdevs-el-title  bdevs-el-btn elementor-inline-editing bd-big__title bdevs-el-title\" data-elementor-setting-key=\"title title\">Nos Solutions<\/h2>                <\/div>\r\n            \r\n        \r\n\t\t<\/div>\n\t\t\t\t<\/div>\n\t\t\t\t\t<\/div>\n\t\t<\/div>\n\t\t\t\t\t\t\t<\/div>\n\t\t<\/section>\n\t\t\t\t<section class=\"elementor-section elementor-top-section elementor-element elementor-element-a452fef elementor-section-boxed elementor-section-height-default elementor-section-height-default\" data-id=\"a452fef\" data-element_type=\"section\">\n\t\t\t\t\t\t<div class=\"elementor-container elementor-column-gap-default\">\n\t\t\t\t\t<div class=\"elementor-column elementor-col-100 elementor-top-column elementor-element elementor-element-3cc4fb8\" data-id=\"3cc4fb8\" data-element_type=\"column\">\n\t\t\t<div class=\"elementor-widget-wrap elementor-element-populated\">\n\t\t\t\t\t\t\t\t<section class=\"elementor-section elementor-inner-section elementor-element elementor-element-5479b8c elementor-section-boxed elementor-section-height-default elementor-section-height-default\" data-id=\"5479b8c\" data-element_type=\"section\">\n\t\t\t\t\t\t<div class=\"elementor-container elementor-column-gap-default\">\n\t\t\t\t\t<div class=\"elementor-column elementor-col-33 elementor-inner-column elementor-element elementor-element-b8a888c\" data-id=\"b8a888c\" data-element_type=\"column\">\n\t\t\t<div class=\"elementor-widget-wrap elementor-element-populated\">\n\t\t\t\t\t\t\t\t<div class=\"elementor-element elementor-element-9f903e2 elementor-widget elementor-widget-generic-info-box generic-elements generic-info-box\" data-id=\"9f903e2\" data-element_type=\"widget\" data-widget_type=\"generic-info-box.default\">\n\t\t\t\t<div class=\"elementor-widget-container\">\n\t\t\t\t\t<div class=\"generic-ifnobox generic-el-infobox-wrapper\">\n\t\t\t<div class=\"generic-infobox-content generic-el-content\">\n\t\t\t\t<div class=\"generic-infobox-icon generic-infobox-icon\">\n\t\t\t\t\t\t\t\t\t\t\t<div class=\"generic-info-box-icon\">\n\t\t\t\t\t\t\t<i aria-hidden=\"true\" class=\"fas fa-palette\"><\/i>\t\t\t\t\t\t<\/div>\n\t\t\t\t\t\t\t\t\t<\/div>\n\n\t\t\t\t<h4 class=\"elementor-inline-editing generic-infobox-title generic-el-title\" data-elementor-setting-key=\"title\">Theme Manager<\/h4>\n\t\t\t\t\t\t\t\t\t<p class=\"generic-el-desc\">Composant gratuit permettant de g\u00e9rer en d\u00e9tail les couleurs de th\u00e8me d'un site SharePoint.<\/p>\n\t\t\t\t\n\t\t\t\t\t\t\t\t\t<div class=\"generic-infobox-btn\">\n\t\t\t\t\t\t\t\t\t\t\t\t\t\t<a class=\"generic-border-btn generic-el-btn\" href=\"https:\/\/eruditego.fr\/index.php\/theme-manager\/\"><i class=\"generic-btn-icon fas fa-chevron-right\" aria-hidden=\"true\"><\/i>\t\t\t\t\t\t\t\t\t<span>En savoir plus<\/span><\/a>\n\t\t\t\t\t\t\t\t\t\t\t\t<\/div>\n\t\t\t\t\n\t\t\t<\/div>\n\t\t<\/div>\n\t\t<\/div>\n\t\t\t\t<\/div>\n\t\t\t\t\t<\/div>\n\t\t<\/div>\n\t\t\t\t<div class=\"elementor-column elementor-col-33 elementor-inner-column elementor-element elementor-element-49fb3c6\" data-id=\"49fb3c6\" data-element_type=\"column\">\n\t\t\t<div class=\"elementor-widget-wrap elementor-element-populated\">\n\t\t\t\t\t\t\t\t<div class=\"elementor-element elementor-element-729bcee elementor-widget elementor-widget-generic-info-box generic-elements generic-info-box\" data-id=\"729bcee\" data-element_type=\"widget\" data-widget_type=\"generic-info-box.default\">\n\t\t\t\t<div class=\"elementor-widget-container\">\n\t\t\t\t\t<div class=\"generic-ifnobox generic-el-infobox-wrapper\">\n\t\t\t<div class=\"generic-infobox-content generic-el-content\">\n\t\t\t\t<div class=\"generic-infobox-icon generic-infobox-icon\">\n\t\t\t\t\t\t\t\t\t\t\t<div class=\"generic-info-box-icon\">\n\t\t\t\t\t\t\t<i aria-hidden=\"true\" class=\"fab fa-html5\"><\/i>\t\t\t\t\t\t<\/div>\n\t\t\t\t\t\t\t\t\t<\/div>\n\n\t\t\t\t<h4 class=\"elementor-inline-editing generic-infobox-title generic-el-title\" data-elementor-setting-key=\"title\">HTML Web Part<\/h4>\n\t\t\t\t\t\t\t\t\t<p class=\"generic-el-desc\">Web part SharePoint permettant d'int\u00e9grer de l'HTML totalement personnalis\u00e9 dans les pages modernes<\/p>\n\t\t\t\t\n\t\t\t\t\t\t\t\t\t<div class=\"generic-infobox-btn\">\n\t\t\t\t\t\t\t\t\t\t\t\t\t\t<a class=\"generic-border-btn generic-el-btn\" href=\"https:\/\/eruditego.fr\/index.php\/html-web-part\/\"><i class=\"generic-btn-icon fas fa-chevron-right\" aria-hidden=\"true\"><\/i>\t\t\t\t\t\t\t\t\t<span>En savoir plus<\/span><\/a>\n\t\t\t\t\t\t\t\t\t\t\t\t<\/div>\n\t\t\t\t\n\t\t\t<\/div>\n\t\t<\/div>\n\t\t<\/div>\n\t\t\t\t<\/div>\n\t\t\t\t\t<\/div>\n\t\t<\/div>\n\t\t\t\t<div class=\"elementor-column elementor-col-33 elementor-inner-column elementor-element elementor-element-d485fcb\" data-id=\"d485fcb\" data-element_type=\"column\">\n\t\t\t<div class=\"elementor-widget-wrap\">\n\t\t\t\t\t\t\t\t\t<\/div>\n\t\t<\/div>\n\t\t\t\t\t\t\t<\/div>\n\t\t<\/section>\n\t\t\t\t\t<\/div>\n\t\t<\/div>\n\t\t\t\t\t\t\t<\/div>\n\t\t<\/section>\n\t\t\t\t\t\t\t<\/div>\n\t\t","protected":false},"excerpt":{"rendered":"<p>Solutions Nos Solutions Nos Solutions Theme Manager Composant gratuit permettant de g\u00e9rer en d\u00e9tail les couleurs de th\u00e8me d&rsquo;un site SharePoint. En savoir plus HTML Web Part Web part SharePoint permettant d&rsquo;int\u00e9grer de l&rsquo;HTML totalement personnalis\u00e9 dans les pages modernes En savoir plus<\/p>\n","protected":false},"author":1,"featured_media":0,"parent":0,"menu_order":0,"comment_status":"closed","ping_status":"closed","template":"","meta":{"footnotes":""},"class_list":["post-2000","page","type-page","status-publish","hentry"],"_links":{"self":[{"href":"https:\/\/eruditego.fr\/index.php?rest_route=\/wp\/v2\/pages\/2000","targetHints":{"allow":["GET"]}}],"collection":[{"href":"https:\/\/eruditego.fr\/index.php?rest_route=\/wp\/v2\/pages"}],"about":[{"href":"https:\/\/eruditego.fr\/index.php?rest_route=\/wp\/v2\/types\/page"}],"author":[{"embeddable":true,"href":"https:\/\/eruditego.fr\/index.php?rest_route=\/wp\/v2\/users\/1"}],"replies":[{"embeddable":true,"href":"https:\/\/eruditego.fr\/index.php?rest_route=%2Fwp%2Fv2%2Fcomments&post=2000"}],"version-history":[{"count":18,"href":"https:\/\/eruditego.fr\/index.php?rest_route=\/wp\/v2\/pages\/2000\/revisions"}],"predecessor-version":[{"id":2150,"href":"https:\/\/eruditego.fr\/index.php?rest_route=\/wp\/v2\/pages\/2000\/revisions\/2150"}],"wp:attachment":[{"href":"https:\/\/eruditego.fr\/index.php?rest_route=%2Fwp%2Fv2%2Fmedia&parent=2000"}],"curies":[{"name":"wp","href":"https:\/\/api.w.org\/{rel}","templated":true}]}}