{"id":2301,"date":"2023-11-06T16:55:26","date_gmt":"2023-11-06T15:55:26","guid":{"rendered":"https:\/\/eruditego.fr\/?page_id=2301"},"modified":"2025-01-16T15:51:08","modified_gmt":"2025-01-16T14:51:08","slug":"detailed-permission","status":"publish","type":"page","link":"https:\/\/eruditego.fr\/?page_id=2301","title":{"rendered":"Detailed permissions"},"content":{"rendered":"\t\t<div data-elementor-type=\"wp-page\" data-elementor-id=\"2301\" class=\"elementor elementor-2301\">\n\t\t\t\t\t\t\t\t\t<section class=\"elementor-section elementor-top-section elementor-element elementor-element-d476ff6 elementor-section-boxed elementor-section-height-default elementor-section-height-default\" data-id=\"d476ff6\" data-element_type=\"section\">\n\t\t\t\t\t\t<div class=\"elementor-container elementor-column-gap-default\">\n\t\t\t\t\t<div class=\"elementor-column elementor-col-66 elementor-top-column elementor-element elementor-element-9bf2e5d\" data-id=\"9bf2e5d\" data-element_type=\"column\">\n\t\t\t<div class=\"elementor-widget-wrap elementor-element-populated\">\n\t\t\t\t\t\t\t\t<div class=\"elementor-element elementor-element-f4a8643 elementor-widget elementor-widget-cust_heading generic-elements cust_heading\" data-id=\"f4a8643\" data-element_type=\"widget\" data-settings=\"{&quot;designs&quot;:&quot;design_1&quot;}\" data-widget_type=\"cust_heading.default\">\n\t\t\t\t<div class=\"elementor-widget-container\">\n\t\t\t                                    <div class=\"bd-section__title common  p-relative z-index-11\">\r\n                                            <span class=\"bd-stroke__title\">Permissions<\/span>\r\n                    \r\n                                            <strong class=\"bd-small__title common\">Web Part SharePoint<\/strong>\r\n                    \r\n                    <h2 class=\"elementor-inline-editing section-title bdevs-el-title  bdevs-el-btn elementor-inline-editing bd-big__title bdevs-el-title\" data-elementor-setting-key=\"title title\">Detailed permissions<\/h2>                <\/div>\r\n            \r\n        \r\n\t\t<\/div>\n\t\t\t\t<\/div>\n\t\t\t\t<div class=\"elementor-element elementor-element-b0f8223 elementor-widget elementor-widget-text-editor\" data-id=\"b0f8223\" data-element_type=\"widget\" data-widget_type=\"text-editor.default\">\n\t\t\t\t<div class=\"elementor-widget-container\">\n\t\t\t<style>\/*! elementor - v3.7.8 - 02-10-2022 *\/\n.elementor-widget-text-editor.elementor-drop-cap-view-stacked .elementor-drop-cap{background-color:#818a91;color:#fff}.elementor-widget-text-editor.elementor-drop-cap-view-framed .elementor-drop-cap{color:#818a91;border:3px solid;background-color:transparent}.elementor-widget-text-editor:not(.elementor-drop-cap-view-default) .elementor-drop-cap{margin-top:8px}.elementor-widget-text-editor:not(.elementor-drop-cap-view-default) .elementor-drop-cap-letter{width:1em;height:1em}.elementor-widget-text-editor .elementor-drop-cap{float:left;text-align:center;line-height:1;font-size:50px}.elementor-widget-text-editor .elementor-drop-cap-letter{display:inline-block}<\/style>\t\t\t\t<div><div>L&rsquo;extension de liste Detailed permissions pour SharePoint ajoute un nouveau bouton dans vos biblioth\u00e8ques de documents permettant aux utilisateurs de voir les permissions selon une autre approche. Le composant propose la possibilit\u00e9 de voir les permissions des \u00e9l\u00e9ments mais aussi de voir le contenus des goupes Active Directory et SharePoint en un clic, vous permettant de conna\u00eetre pr\u00e9cis\u00e9ment qui a acc\u00e8s de mani\u00e8re effective \u00e0 vos document<\/div><div>\u00a0<\/div><\/div><div>Dans cette interface nous avons aussi ajout\u00e9 quelques fonctionnalit\u00e9 indisponible dans l&rsquo;exp\u00e9rience moderne de SharePoint telles que :<\/div><ul><li>Voir les permissions effectives d&rsquo;un utilisateur ainsi que les groupes dans lesquels il a \u00e9t\u00e9 ajout\u00e9<\/li><li>Voir l&rsquo;h\u00e9ritage des droits des parents et des \u00e9l\u00e9ments enfants<\/li><li>Voir la liste des administrateurs de la collection de sites<\/li><\/ul><div>Une p\u00e9riode d&rsquo;essai gratuite de 15 jours est fournie lorsque vous t\u00e9l\u00e9chargez cette extension. Une fois expir\u00e9e vous pouvez acqu\u00e9rir une licence ci-dessous.<\/div>\t\t\t\t\t\t<\/div>\n\t\t\t\t<\/div>\n\t\t\t\t\t<\/div>\n\t\t<\/div>\n\t\t\t\t<div class=\"elementor-column elementor-col-33 elementor-top-column elementor-element elementor-element-8d8dfd0\" data-id=\"8d8dfd0\" data-element_type=\"column\">\n\t\t\t<div class=\"elementor-widget-wrap elementor-element-populated\">\n\t\t\t\t\t\t\t\t<div class=\"elementor-element elementor-element-edf8383 elementor-widget elementor-widget-image-gallery\" data-id=\"edf8383\" data-element_type=\"widget\" data-widget_type=\"image-gallery.default\">\n\t\t\t\t<div class=\"elementor-widget-container\">\n\t\t\t<style>\/*! elementor - v3.7.8 - 02-10-2022 *\/\n.elementor-image-gallery .gallery-item{display:inline-block;text-align:center;vertical-align:top;width:100%;max-width:100%;margin:0 auto}.elementor-image-gallery .gallery-item img{margin:0 auto}.elementor-image-gallery .gallery-item .gallery-caption{margin:0}.elementor-image-gallery figure img{display:block}.elementor-image-gallery figure figcaption{width:100%}.gallery-spacing-custom .elementor-image-gallery .gallery-icon{padding:0}@media (min-width:768px){.elementor-image-gallery .gallery-columns-2 .gallery-item{max-width:50%}.elementor-image-gallery .gallery-columns-3 .gallery-item{max-width:33.33%}.elementor-image-gallery .gallery-columns-4 .gallery-item{max-width:25%}.elementor-image-gallery .gallery-columns-5 .gallery-item{max-width:20%}.elementor-image-gallery .gallery-columns-6 .gallery-item{max-width:16.666%}.elementor-image-gallery .gallery-columns-7 .gallery-item{max-width:14.28%}.elementor-image-gallery .gallery-columns-8 .gallery-item{max-width:12.5%}.elementor-image-gallery .gallery-columns-9 .gallery-item{max-width:11.11%}.elementor-image-gallery .gallery-columns-10 .gallery-item{max-width:10%}}@media (min-width:480px) and (max-width:767px){.elementor-image-gallery .gallery.gallery-columns-2 .gallery-item,.elementor-image-gallery .gallery.gallery-columns-3 .gallery-item,.elementor-image-gallery .gallery.gallery-columns-4 .gallery-item,.elementor-image-gallery .gallery.gallery-columns-5 .gallery-item,.elementor-image-gallery .gallery.gallery-columns-6 .gallery-item,.elementor-image-gallery .gallery.gallery-columns-7 .gallery-item,.elementor-image-gallery .gallery.gallery-columns-8 .gallery-item,.elementor-image-gallery .gallery.gallery-columns-9 .gallery-item,.elementor-image-gallery .gallery.gallery-columns-10 .gallery-item{max-width:50%}}@media (max-width:479px){.elementor-image-gallery .gallery.gallery-columns-2 .gallery-item,.elementor-image-gallery .gallery.gallery-columns-3 .gallery-item,.elementor-image-gallery .gallery.gallery-columns-4 .gallery-item,.elementor-image-gallery .gallery.gallery-columns-5 .gallery-item,.elementor-image-gallery .gallery.gallery-columns-6 .gallery-item,.elementor-image-gallery .gallery.gallery-columns-7 .gallery-item,.elementor-image-gallery .gallery.gallery-columns-8 .gallery-item,.elementor-image-gallery .gallery.gallery-columns-9 .gallery-item,.elementor-image-gallery .gallery.gallery-columns-10 .gallery-item{max-width:100%}}<\/style>\t\t<div class=\"elementor-image-gallery\">\n\t\t\t<div id='gallery-1' class='gallery galleryid-2301 gallery-columns-3 gallery-size-medium'><figure class='gallery-item'>\n\t\t\t<div class='gallery-icon landscape'>\n\t\t\t\t<a data-elementor-open-lightbox=\"yes\" data-elementor-lightbox-slideshow=\"edf8383\" data-elementor-lightbox-title=\"Detailed permissions view\" e-action-hash=\"#elementor-action%3Aaction%3Dlightbox%26settings%3DeyJpZCI6MjMxNiwidXJsIjoiaHR0cHM6XC9cL2VydWRpdGVnby5mclwvd3AtY29udGVudFwvdXBsb2Fkc1wvMjAyM1wvMTFcLzIwMjMtMTEtMDYtMTZfMzdfNDktRGV2LWVudi1Eb2N1bWVudHMtQWxsLURvY3VtZW50cy5wbmciLCJzbGlkZXNob3ciOiJlZGY4MzgzIn0%3D\" href='https:\/\/eruditego.fr\/wp-content\/uploads\/2023\/11\/2023-11-06-16_37_49-Dev-env-Documents-All-Documents.png'><img loading=\"lazy\" decoding=\"async\" width=\"300\" height=\"255\" src=\"https:\/\/eruditego.fr\/wp-content\/uploads\/2023\/11\/2023-11-06-16_37_49-Dev-env-Documents-All-Documents-300x255.png\" class=\"attachment-medium size-medium\" alt=\"\" srcset=\"https:\/\/eruditego.fr\/wp-content\/uploads\/2023\/11\/2023-11-06-16_37_49-Dev-env-Documents-All-Documents-300x255.png 300w, https:\/\/eruditego.fr\/wp-content\/uploads\/2023\/11\/2023-11-06-16_37_49-Dev-env-Documents-All-Documents-768x653.png 768w, https:\/\/eruditego.fr\/wp-content\/uploads\/2023\/11\/2023-11-06-16_37_49-Dev-env-Documents-All-Documents.png 869w\" sizes=\"auto, (max-width: 300px) 100vw, 300px\" \/><\/a>\n\t\t\t<\/div><\/figure><figure class='gallery-item'>\n\t\t\t<div class='gallery-icon landscape'>\n\t\t\t\t<a data-elementor-open-lightbox=\"yes\" data-elementor-lightbox-slideshow=\"edf8383\" data-elementor-lightbox-title=\"Permissions check\" e-action-hash=\"#elementor-action%3Aaction%3Dlightbox%26settings%3DeyJpZCI6MjMxNywidXJsIjoiaHR0cHM6XC9cL2VydWRpdGVnby5mclwvd3AtY29udGVudFwvdXBsb2Fkc1wvMjAyM1wvMTFcLzIwMjMtMTEtMDYtMTZfMzhfMTEtRGV2LWVudi1Eb2N1bWVudHMtQWxsLURvY3VtZW50cy5wbmciLCJzbGlkZXNob3ciOiJlZGY4MzgzIn0%3D\" href='https:\/\/eruditego.fr\/wp-content\/uploads\/2023\/11\/2023-11-06-16_38_11-Dev-env-Documents-All-Documents.png'><img loading=\"lazy\" decoding=\"async\" width=\"300\" height=\"250\" src=\"https:\/\/eruditego.fr\/wp-content\/uploads\/2023\/11\/2023-11-06-16_38_11-Dev-env-Documents-All-Documents-300x250.png\" class=\"attachment-medium size-medium\" alt=\"\" srcset=\"https:\/\/eruditego.fr\/wp-content\/uploads\/2023\/11\/2023-11-06-16_38_11-Dev-env-Documents-All-Documents-300x250.png 300w, https:\/\/eruditego.fr\/wp-content\/uploads\/2023\/11\/2023-11-06-16_38_11-Dev-env-Documents-All-Documents-768x639.png 768w, https:\/\/eruditego.fr\/wp-content\/uploads\/2023\/11\/2023-11-06-16_38_11-Dev-env-Documents-All-Documents.png 869w\" sizes=\"auto, (max-width: 300px) 100vw, 300px\" \/><\/a>\n\t\t\t<\/div><\/figure><figure class='gallery-item'>\n\t\t\t<div class='gallery-icon landscape'>\n\t\t\t\t<a data-elementor-open-lightbox=\"yes\" data-elementor-lightbox-slideshow=\"edf8383\" data-elementor-lightbox-title=\"Managing inheritance\" e-action-hash=\"#elementor-action%3Aaction%3Dlightbox%26settings%3DeyJpZCI6MjMxOSwidXJsIjoiaHR0cHM6XC9cL2VydWRpdGVnby5mclwvd3AtY29udGVudFwvdXBsb2Fkc1wvMjAyM1wvMTFcLzIwMjMtMTEtMDYtMTZfMzhfNDMtRGV2LWVudi1Eb2N1bWVudHMtQWxsLURvY3VtZW50cy5wbmciLCJzbGlkZXNob3ciOiJlZGY4MzgzIn0%3D\" href='https:\/\/eruditego.fr\/wp-content\/uploads\/2023\/11\/2023-11-06-16_38_43-Dev-env-Documents-All-Documents.png'><img loading=\"lazy\" decoding=\"async\" width=\"300\" height=\"181\" src=\"https:\/\/eruditego.fr\/wp-content\/uploads\/2023\/11\/2023-11-06-16_38_43-Dev-env-Documents-All-Documents-300x181.png\" class=\"attachment-medium size-medium\" alt=\"\" srcset=\"https:\/\/eruditego.fr\/wp-content\/uploads\/2023\/11\/2023-11-06-16_38_43-Dev-env-Documents-All-Documents-300x181.png 300w, https:\/\/eruditego.fr\/wp-content\/uploads\/2023\/11\/2023-11-06-16_38_43-Dev-env-Documents-All-Documents-768x463.png 768w, https:\/\/eruditego.fr\/wp-content\/uploads\/2023\/11\/2023-11-06-16_38_43-Dev-env-Documents-All-Documents.png 882w\" sizes=\"auto, (max-width: 300px) 100vw, 300px\" \/><\/a>\n\t\t\t<\/div><\/figure><figure class='gallery-item'>\n\t\t\t<div class='gallery-icon landscape'>\n\t\t\t\t<a data-elementor-open-lightbox=\"yes\" data-elementor-lightbox-slideshow=\"edf8383\" data-elementor-lightbox-title=\"Inheritance hierarchy check\" e-action-hash=\"#elementor-action%3Aaction%3Dlightbox%26settings%3DeyJpZCI6MjMxOCwidXJsIjoiaHR0cHM6XC9cL2VydWRpdGVnby5mclwvd3AtY29udGVudFwvdXBsb2Fkc1wvMjAyM1wvMTFcLzIwMjMtMTEtMDYtMTZfMzhfMzAtRGV2LWVudi1Eb2N1bWVudHMtQWxsLURvY3VtZW50cy5wbmciLCJzbGlkZXNob3ciOiJlZGY4MzgzIn0%3D\" href='https:\/\/eruditego.fr\/wp-content\/uploads\/2023\/11\/2023-11-06-16_38_30-Dev-env-Documents-All-Documents.png'><img loading=\"lazy\" decoding=\"async\" width=\"300\" height=\"180\" src=\"https:\/\/eruditego.fr\/wp-content\/uploads\/2023\/11\/2023-11-06-16_38_30-Dev-env-Documents-All-Documents-300x180.png\" class=\"attachment-medium size-medium\" alt=\"\" srcset=\"https:\/\/eruditego.fr\/wp-content\/uploads\/2023\/11\/2023-11-06-16_38_30-Dev-env-Documents-All-Documents-300x180.png 300w, https:\/\/eruditego.fr\/wp-content\/uploads\/2023\/11\/2023-11-06-16_38_30-Dev-env-Documents-All-Documents-768x462.png 768w, https:\/\/eruditego.fr\/wp-content\/uploads\/2023\/11\/2023-11-06-16_38_30-Dev-env-Documents-All-Documents.png 867w\" sizes=\"auto, (max-width: 300px) 100vw, 300px\" \/><\/a>\n\t\t\t<\/div><\/figure><figure class='gallery-item'>\n\t\t\t<div class='gallery-icon landscape'>\n\t\t\t\t<a data-elementor-open-lightbox=\"yes\" data-elementor-lightbox-slideshow=\"edf8383\" data-elementor-lightbox-title=\"List extension access\" e-action-hash=\"#elementor-action%3Aaction%3Dlightbox%26settings%3DeyJpZCI6MjMxNSwidXJsIjoiaHR0cHM6XC9cL2VydWRpdGVnby5mclwvd3AtY29udGVudFwvdXBsb2Fkc1wvMjAyM1wvMTFcLzIwMjMtMTEtMDYtMTZfMzZfNDItRGV2LWVudi1Eb2N1bWVudHMtQWxsLURvY3VtZW50cy5wbmciLCJzbGlkZXNob3ciOiJlZGY4MzgzIn0%3D\" href='https:\/\/eruditego.fr\/wp-content\/uploads\/2023\/11\/2023-11-06-16_36_42-Dev-env-Documents-All-Documents.png'><img loading=\"lazy\" decoding=\"async\" width=\"300\" height=\"169\" src=\"https:\/\/eruditego.fr\/wp-content\/uploads\/2023\/11\/2023-11-06-16_36_42-Dev-env-Documents-All-Documents-300x169.png\" class=\"attachment-medium size-medium\" alt=\"\" srcset=\"https:\/\/eruditego.fr\/wp-content\/uploads\/2023\/11\/2023-11-06-16_36_42-Dev-env-Documents-All-Documents-300x169.png 300w, https:\/\/eruditego.fr\/wp-content\/uploads\/2023\/11\/2023-11-06-16_36_42-Dev-env-Documents-All-Documents-768x433.png 768w, https:\/\/eruditego.fr\/wp-content\/uploads\/2023\/11\/2023-11-06-16_36_42-Dev-env-Documents-All-Documents.png 840w\" sizes=\"auto, (max-width: 300px) 100vw, 300px\" \/><\/a>\n\t\t\t<\/div><\/figure>\n\t\t<\/div>\n\t\t<\/div>\n\t\t\t\t<\/div>\n\t\t\t\t<\/div>\n\t\t\t\t<div class=\"elementor-element elementor-element-34d6e49 elementor-widget elementor-widget-cust-button generic-elements cust-button\" data-id=\"34d6e49\" data-element_type=\"widget\" data-settings=\"{&quot;designs&quot;:&quot;design_1&quot;}\" data-widget_type=\"cust-button.default\">\n\t\t\t\t<div class=\"elementor-widget-container\">\n\t\t\t\r\n    \r\n        <div class=\"lv-gallery-action text-align\">\r\n                                    <a class=\"lv-theme-btn bdevs-el-btn\" href=\"https:\/\/appsource.microsoft.com\/fr-fr\/product\/office\/WA200006206?tab=Overview\">\r\n                            <span class=\"lv-theme-horizontal-line\"><\/span>\r\n                            <span class=\"lv-theme-vertical-line\"><\/span>\r\n                            <span>Voir dans le store<\/span>\r\n\r\n                            <i class=\"bdevs-btn-icon fas fa-angle-right\" aria-hidden=\"true\"><\/i>                        <\/a>\r\n                            <\/div>\r\n\r\n            \t\t<\/div>\n\t\t\t\t<\/div>\n\t\t\t\t<div class=\"elementor-element elementor-element-397d3ff elementor-widget elementor-widget-cust-button generic-elements cust-button\" data-id=\"397d3ff\" data-element_type=\"widget\" data-settings=\"{&quot;designs&quot;:&quot;design_1&quot;}\" data-widget_type=\"cust-button.default\">\n\t\t\t\t<div class=\"elementor-widget-container\">\n\t\t\t\r\n    \r\n        <div class=\"lv-gallery-action text-align\">\r\n                                    <a class=\"lv-theme-btn bdevs-el-btn\" href=\"mailto:commerce@eruditego.fr\">\r\n                            <span class=\"lv-theme-horizontal-line\"><\/span>\r\n                            <span class=\"lv-theme-vertical-line\"><\/span>\r\n                            <span>Nous contacter<\/span>\r\n\r\n                            <i class=\"bdevs-btn-icon fas fa-angle-right\" aria-hidden=\"true\"><\/i>                        <\/a>\r\n                            <\/div>\r\n\r\n            \t\t<\/div>\n\t\t\t\t<\/div>\n\t\t\t\t<div class=\"elementor-element elementor-element-921fd4e elementor-widget elementor-widget-cust-button generic-elements cust-button\" data-id=\"921fd4e\" data-element_type=\"widget\" data-settings=\"{&quot;designs&quot;:&quot;design_1&quot;}\" data-widget_type=\"cust-button.default\">\n\t\t\t\t<div class=\"elementor-widget-container\">\n\t\t\t\r\n    \r\n        <div class=\"lv-gallery-action text-align\">\r\n                                    <a class=\"lv-theme-btn bdevs-el-btn\">\r\n                            <span class=\"lv-theme-horizontal-line\"><\/span>\r\n                            <span class=\"lv-theme-vertical-line\"><\/span>\r\n                            <span>Documentation<\/span>\r\n\r\n                            <i class=\"bdevs-btn-icon fas fa-angle-right\" aria-hidden=\"true\"><\/i>                        <\/a>\r\n                            <\/div>\r\n\r\n            \t\t<\/div>\n\t\t\t\t<\/div>\n\t\t\t\t<div class=\"elementor-element elementor-element-a48b1b3 elementor-widget elementor-widget-cust-button generic-elements cust-button\" data-id=\"a48b1b3\" data-element_type=\"widget\" data-settings=\"{&quot;designs&quot;:&quot;design_1&quot;}\" data-widget_type=\"cust-button.default\">\n\t\t\t\t<div class=\"elementor-widget-container\">\n\t\t\t\r\n    \r\n        <div class=\"lv-gallery-action text-align\">\r\n                                    <a class=\"lv-theme-btn bdevs-el-btn\" href=\"mailto:support@eruditego.fr\">\r\n                            <span class=\"lv-theme-horizontal-line\"><\/span>\r\n                            <span class=\"lv-theme-vertical-line\"><\/span>\r\n                            <span>Contacter le support<\/span>\r\n\r\n                            <i class=\"bdevs-btn-icon fas fa-angle-right\" aria-hidden=\"true\"><\/i>                        <\/a>\r\n                            <\/div>\r\n\r\n            \t\t<\/div>\n\t\t\t\t<\/div>\n\t\t\t\t\t<\/div>\n\t\t<\/div>\n\t\t\t\t\t\t\t<\/div>\n\t\t<\/section>\n\t\t\t\t<section class=\"elementor-section elementor-top-section elementor-element elementor-element-17b00a2 elementor-section-boxed elementor-section-height-default elementor-section-height-default\" data-id=\"17b00a2\" data-element_type=\"section\">\n\t\t\t\t\t\t<div class=\"elementor-container elementor-column-gap-default\">\n\t\t\t\t\t<div class=\"elementor-column elementor-col-100 elementor-top-column elementor-element elementor-element-15a68ca\" data-id=\"15a68ca\" data-element_type=\"column\">\n\t\t\t<div class=\"elementor-widget-wrap elementor-element-populated\">\n\t\t\t\t\t\t\t\t<div class=\"elementor-element elementor-element-f3b67d8 elementor-widget elementor-widget-cust_heading generic-elements cust_heading\" data-id=\"f3b67d8\" data-element_type=\"widget\" data-settings=\"{&quot;designs&quot;:&quot;design_1&quot;}\" data-widget_type=\"cust_heading.default\">\n\t\t\t\t<div class=\"elementor-widget-container\">\n\t\t\t                                    <div class=\"bd-section__title common  p-relative z-index-11\">\r\n                                            <span class=\"bd-stroke__title\">Prix<\/span>\r\n                    \r\n                    \r\n                    <h2 class=\"elementor-inline-editing section-title bdevs-el-title  bdevs-el-btn elementor-inline-editing bd-big__title bdevs-el-title\" data-elementor-setting-key=\"title title\">Plans de facturation<\/h2>                <\/div>\r\n            \r\n        \r\n\t\t<\/div>\n\t\t\t\t<\/div>\n\t\t\t\t<div class=\"elementor-element elementor-element-3f72e3c elementor-widget elementor-widget-cust-pricingtable generic-elements cust-pricingtable\" data-id=\"3f72e3c\" data-element_type=\"widget\" data-settings=\"{&quot;designs&quot;:&quot;design_1&quot;}\" data-widget_type=\"cust-pricingtable.default\">\n\t\t\t\t<div class=\"elementor-widget-container\">\n\t\t\t\r\n\r\n        \r\n        <div class=\"row align-items-center g-0\">\r\n            <div class=\"col-xl-4 col-lg-4\">\r\n                <div class=\"bd-pricing-wrapper mb-30\">\r\n                    <div class=\"bd-singel-item\">\r\n                        <div class=\"bd-pricing-content\">\r\n                                                        <h3>Detailed permissions<\/h3>\r\n                            \r\n                                                        <p>Extension de liste SharePoint avec une vue d\u00e9taill\u00e9e sur les droits<\/p>\r\n                                                    <\/div>\r\n                    <\/div>\r\n                <\/div>\r\n            <\/div>\r\n            <div class=\"col-xl-4 col-lg-4\">\r\n                <div class=\"bd-pricing-wrapper text-center mb-30\">\r\n                    <div class=\"bd-singel-item-2\">\r\n                        <div class=\"bd-pricing-content\">\r\n                                                        <h5>Paiement annuel<\/h5>\r\n                                                        <div class=\"pricing-text\">\r\n                               <sub>&#128;<\/sub>\r\n                               <span>499<\/span>\r\n                            <\/div>\r\n\r\n                                                        <span class=\"cancel-text\">HT, pour l'ann\u00e9e<\/span>\r\n                            \r\n                                                        <a class=\"elementor-inline-editing pricing-btn bdevs-el-btn\" data-elementor-setting-key=\"button_footer\" data-elementor-inline-editing-toolbar=\"none\" href=\"#buy\"><i class=\"fa-regular fa-basket-shopping\"><\/i>L&#039;acheter<\/a>\r\n                                                    <\/div>\r\n                    <\/div>\r\n                <\/div>\r\n            <\/div>\r\n            <div class=\"col-xl-4 col-lg-4\">\r\n                <div class=\"bd-pricing-wrapper mb-30\">\r\n                    <div class=\"bd-singel-item\">\r\n                        <div class=\"bd-pricing-content\">\r\n                            <div class=\"bd-pricing-list\">\r\n                                <ul>\r\n                                     \r\n                                                                        <li><i class=\"far fa-check\"><\/i>Vue d\u00e9taill\u00e9e des permissions<\/li>\r\n                                                                         \r\n                                                                        <li><i class=\"far fa-check\"><\/i>V\u00e9rifier les permissions des utilisateurs<\/li>\r\n                                                                         \r\n                                                                        <li><i class=\"far fa-check\"><\/i>Vue de la hi\u00e9rarchie des droits<\/li>\r\n                                                                         \r\n                                                                        <li><i class=\"far fa-check\"><\/i>Liste des administrateurs<\/li>\r\n                                                                                                        <\/ul>\r\n                            <\/div>\r\n                        <\/div>\r\n                    <\/div>\r\n                <\/div>\r\n            <\/div>\r\n        <\/div>\r\n\r\n\r\n        \r\n        \t\t<\/div>\n\t\t\t\t<\/div>\n\t\t\t\t\t<\/div>\n\t\t<\/div>\n\t\t\t\t\t\t\t<\/div>\n\t\t<\/section>\n\t\t\t\t<section class=\"elementor-section elementor-top-section elementor-element elementor-element-226c29a elementor-section-boxed elementor-section-height-default elementor-section-height-default\" data-id=\"226c29a\" data-element_type=\"section\">\n\t\t\t\t\t\t<div class=\"elementor-container elementor-column-gap-default\">\n\t\t\t\t\t<div class=\"elementor-column elementor-col-100 elementor-top-column elementor-element elementor-element-3191b7e\" data-id=\"3191b7e\" data-element_type=\"column\">\n\t\t\t<div class=\"elementor-widget-wrap elementor-element-populated\">\n\t\t\t\t\t\t\t\t<div class=\"elementor-element elementor-element-e295cef elementor-widget elementor-widget-cust_heading generic-elements cust_heading\" data-id=\"e295cef\" data-element_type=\"widget\" data-settings=\"{&quot;designs&quot;:&quot;design_1&quot;}\" data-widget_type=\"cust_heading.default\">\n\t\t\t\t<div class=\"elementor-widget-container\">\n\t\t\t                                    <div class=\"bd-section__title common  p-relative z-index-11\">\r\n                                            <span class=\"bd-stroke__title\">Acheter<\/span>\r\n                    \r\n                    \r\n                    <h2 class=\"elementor-inline-editing section-title bdevs-el-title  bdevs-el-btn elementor-inline-editing bd-big__title bdevs-el-title\" data-elementor-setting-key=\"title title\">Acheter par carte bancaire<\/h2>                <\/div>\r\n            \r\n        \r\n\t\t<\/div>\n\t\t\t\t<\/div>\n\t\t\t\t<div class=\"elementor-element elementor-element-b57e0ad elementor-widget elementor-widget-html\" data-id=\"b57e0ad\" data-element_type=\"widget\" data-widget_type=\"html.default\">\n\t\t\t\t<div class=\"elementor-widget-container\">\n\t\t\t<script async\r\n  src=\"https:\/\/js.stripe.com\/v3\/buy-button.js\">\r\n<\/script>\r\n<center>\r\n<stripe-buy-button\r\n  buy-button-id=\"buy_btn_1QhuOwFrfEiGf1GASB0PDJ0L\"\r\n  publishable-key=\"pk_live_51Mr4bJFrfEiGf1GAdcHCSwVHkqKUoRpSNW55DVlAsnL1F3RHDkSSZe6gECBMi4vi5XsN0KefH39KRjPWcRFcM8Gx003Y3y1z6y\"\r\n>\r\n<\/stripe-buy-button><\/center>\t\t<\/div>\n\t\t\t\t<\/div>\n\t\t\t\t\t<\/div>\n\t\t<\/div>\n\t\t\t\t\t\t\t<\/div>\n\t\t<\/section>\n\t\t\t\t\t\t\t<\/div>\n\t\t","protected":false},"excerpt":{"rendered":"<p>Permissions Web Part SharePoint Detailed permissions L&rsquo;extension de liste Detailed permissions pour SharePoint ajoute un nouveau bouton dans vos biblioth\u00e8ques de documents permettant aux utilisateurs de voir les permissions selon une autre approche. Le composant propose la possibilit\u00e9 de voir les permissions des \u00e9l\u00e9ments mais aussi de voir le contenus des goupes Active Directory et [&hellip;]<\/p>\n","protected":false},"author":1,"featured_media":0,"parent":0,"menu_order":0,"comment_status":"closed","ping_status":"closed","template":"","meta":{"footnotes":""},"class_list":["post-2301","page","type-page","status-publish","hentry"],"_links":{"self":[{"href":"https:\/\/eruditego.fr\/index.php?rest_route=\/wp\/v2\/pages\/2301","targetHints":{"allow":["GET"]}}],"collection":[{"href":"https:\/\/eruditego.fr\/index.php?rest_route=\/wp\/v2\/pages"}],"about":[{"href":"https:\/\/eruditego.fr\/index.php?rest_route=\/wp\/v2\/types\/page"}],"author":[{"embeddable":true,"href":"https:\/\/eruditego.fr\/index.php?rest_route=\/wp\/v2\/users\/1"}],"replies":[{"embeddable":true,"href":"https:\/\/eruditego.fr\/index.php?rest_route=%2Fwp%2Fv2%2Fcomments&post=2301"}],"version-history":[{"count":20,"href":"https:\/\/eruditego.fr\/index.php?rest_route=\/wp\/v2\/pages\/2301\/revisions"}],"predecessor-version":[{"id":2430,"href":"https:\/\/eruditego.fr\/index.php?rest_route=\/wp\/v2\/pages\/2301\/revisions\/2430"}],"wp:attachment":[{"href":"https:\/\/eruditego.fr\/index.php?rest_route=%2Fwp%2Fv2%2Fmedia&parent=2301"}],"curies":[{"name":"wp","href":"https:\/\/api.w.org\/{rel}","templated":true}]}}