{"id":2369,"date":"2024-09-30T11:35:12","date_gmt":"2024-09-30T09:35:12","guid":{"rendered":"https:\/\/eruditego.fr\/?page_id=2369"},"modified":"2024-10-03T07:56:46","modified_gmt":"2024-10-03T05:56:46","slug":"advanced-headers","status":"publish","type":"page","link":"https:\/\/eruditego.fr\/?page_id=2369","title":{"rendered":"Advanced headers"},"content":{"rendered":"\t\t<div data-elementor-type=\"wp-page\" data-elementor-id=\"2369\" class=\"elementor elementor-2369\">\n\t\t\t\t\t\t\t\t\t<section class=\"elementor-section elementor-top-section elementor-element elementor-element-b88d20a elementor-section-boxed elementor-section-height-default elementor-section-height-default\" data-id=\"b88d20a\" data-element_type=\"section\">\n\t\t\t\t\t\t<div class=\"elementor-container elementor-column-gap-default\">\n\t\t\t\t\t<div class=\"elementor-column elementor-col-50 elementor-top-column elementor-element elementor-element-5d37f7c\" data-id=\"5d37f7c\" data-element_type=\"column\">\n\t\t\t<div class=\"elementor-widget-wrap elementor-element-populated\">\n\t\t\t\t\t\t\t\t<div class=\"elementor-element elementor-element-93692ef elementor-widget elementor-widget-cust_heading generic-elements cust_heading\" data-id=\"93692ef\" data-element_type=\"widget\" data-settings=\"{&quot;designs&quot;:&quot;design_1&quot;}\" data-widget_type=\"cust_heading.default\">\n\t\t\t\t<div class=\"elementor-widget-container\">\n\t\t\t                                    <div class=\"bd-section__title common  p-relative z-index-11\">\r\n                                            <span class=\"bd-stroke__title\">Header<\/span>\r\n                    \r\n                                            <strong class=\"bd-small__title common\">Web part SharePoint<\/strong>\r\n                    \r\n                    <h2 class=\"elementor-inline-editing section-title bdevs-el-title  bdevs-el-btn elementor-inline-editing bd-big__title bdevs-el-title\" data-elementor-setting-key=\"title title\">Advanced Headers<\/h2>                <\/div>\r\n            \r\n        \r\n\t\t<\/div>\n\t\t\t\t<\/div>\n\t\t\t\t<div class=\"elementor-element elementor-element-8d11c92 elementor-widget elementor-widget-text-editor\" data-id=\"8d11c92\" data-element_type=\"widget\" data-widget_type=\"text-editor.default\">\n\t\t\t\t<div class=\"elementor-widget-container\">\n\t\t\t<style>\/*! elementor - v3.7.8 - 02-10-2022 *\/\n.elementor-widget-text-editor.elementor-drop-cap-view-stacked .elementor-drop-cap{background-color:#818a91;color:#fff}.elementor-widget-text-editor.elementor-drop-cap-view-framed .elementor-drop-cap{color:#818a91;border:3px solid;background-color:transparent}.elementor-widget-text-editor:not(.elementor-drop-cap-view-default) .elementor-drop-cap{margin-top:8px}.elementor-widget-text-editor:not(.elementor-drop-cap-view-default) .elementor-drop-cap-letter{width:1em;height:1em}.elementor-widget-text-editor .elementor-drop-cap{float:left;text-align:center;line-height:1;font-size:50px}.elementor-widget-text-editor .elementor-drop-cap-letter{display:inline-block}<\/style>\t\t\t\t<p>La Web part Advanced Headers offre une approche diff\u00e9rente du standard pour la cr\u00e9ation d&rsquo;ent\u00eate dans SharePoint avec une personnalisation plus avanc\u00e9e et des options plus fines.\u00a0<\/p><p>L&rsquo;ensemble des param\u00e9trages se fait depuis l&rsquo;interface de SharePoint, et est accessible \u00e0 tous les utilisateurs ayant les droits de modification de la page.<\/p><p>Une p\u00e9riode d&rsquo;essaie de 15 jours vous est offerte \u00e0 l&rsquo;installation. Pass\u00e9 ce d\u00e9lai, vous pouvez nous contacter pour obtenir votre licence payante.<\/p>\t\t\t\t\t\t<\/div>\n\t\t\t\t<\/div>\n\t\t\t\t\t<\/div>\n\t\t<\/div>\n\t\t\t\t<div class=\"elementor-column elementor-col-50 elementor-top-column elementor-element elementor-element-029d3d2\" data-id=\"029d3d2\" data-element_type=\"column\">\n\t\t\t<div class=\"elementor-widget-wrap elementor-element-populated\">\n\t\t\t\t\t\t\t\t<div class=\"elementor-element elementor-element-00244f8 elementor-widget elementor-widget-image-gallery\" data-id=\"00244f8\" data-element_type=\"widget\" data-widget_type=\"image-gallery.default\">\n\t\t\t\t<div class=\"elementor-widget-container\">\n\t\t\t<style>\/*! elementor - v3.7.8 - 02-10-2022 *\/\n.elementor-image-gallery .gallery-item{display:inline-block;text-align:center;vertical-align:top;width:100%;max-width:100%;margin:0 auto}.elementor-image-gallery .gallery-item img{margin:0 auto}.elementor-image-gallery .gallery-item .gallery-caption{margin:0}.elementor-image-gallery figure img{display:block}.elementor-image-gallery figure figcaption{width:100%}.gallery-spacing-custom .elementor-image-gallery .gallery-icon{padding:0}@media (min-width:768px){.elementor-image-gallery .gallery-columns-2 .gallery-item{max-width:50%}.elementor-image-gallery .gallery-columns-3 .gallery-item{max-width:33.33%}.elementor-image-gallery .gallery-columns-4 .gallery-item{max-width:25%}.elementor-image-gallery .gallery-columns-5 .gallery-item{max-width:20%}.elementor-image-gallery .gallery-columns-6 .gallery-item{max-width:16.666%}.elementor-image-gallery .gallery-columns-7 .gallery-item{max-width:14.28%}.elementor-image-gallery .gallery-columns-8 .gallery-item{max-width:12.5%}.elementor-image-gallery .gallery-columns-9 .gallery-item{max-width:11.11%}.elementor-image-gallery .gallery-columns-10 .gallery-item{max-width:10%}}@media (min-width:480px) and (max-width:767px){.elementor-image-gallery .gallery.gallery-columns-2 .gallery-item,.elementor-image-gallery .gallery.gallery-columns-3 .gallery-item,.elementor-image-gallery .gallery.gallery-columns-4 .gallery-item,.elementor-image-gallery .gallery.gallery-columns-5 .gallery-item,.elementor-image-gallery .gallery.gallery-columns-6 .gallery-item,.elementor-image-gallery .gallery.gallery-columns-7 .gallery-item,.elementor-image-gallery .gallery.gallery-columns-8 .gallery-item,.elementor-image-gallery .gallery.gallery-columns-9 .gallery-item,.elementor-image-gallery .gallery.gallery-columns-10 .gallery-item{max-width:50%}}@media (max-width:479px){.elementor-image-gallery .gallery.gallery-columns-2 .gallery-item,.elementor-image-gallery .gallery.gallery-columns-3 .gallery-item,.elementor-image-gallery .gallery.gallery-columns-4 .gallery-item,.elementor-image-gallery .gallery.gallery-columns-5 .gallery-item,.elementor-image-gallery .gallery.gallery-columns-6 .gallery-item,.elementor-image-gallery .gallery.gallery-columns-7 .gallery-item,.elementor-image-gallery .gallery.gallery-columns-8 .gallery-item,.elementor-image-gallery .gallery.gallery-columns-9 .gallery-item,.elementor-image-gallery .gallery.gallery-columns-10 .gallery-item{max-width:100%}}<\/style>\t\t<div class=\"elementor-image-gallery\">\n\t\t\t<div id='gallery-1' class='gallery galleryid-2369 gallery-columns-4 gallery-size-thumbnail'><figure class='gallery-item'>\n\t\t\t<div class='gallery-icon landscape'>\n\t\t\t\t<a data-elementor-open-lightbox=\"yes\" data-elementor-lightbox-slideshow=\"00244f8\" data-elementor-lightbox-title=\"screen4\" e-action-hash=\"#elementor-action%3Aaction%3Dlightbox%26settings%3DeyJpZCI6MjM4MCwidXJsIjoiaHR0cHM6XC9cL2VydWRpdGVnby5mclwvd3AtY29udGVudFwvdXBsb2Fkc1wvMjAyNFwvMDlcL3NjcmVlbjQucG5nIiwic2xpZGVzaG93IjoiMDAyNDRmOCJ9\" href='https:\/\/eruditego.fr\/wp-content\/uploads\/2024\/09\/screen4.png'><img loading=\"lazy\" decoding=\"async\" width=\"150\" height=\"150\" src=\"https:\/\/eruditego.fr\/wp-content\/uploads\/2024\/09\/screen4-150x150.png\" class=\"attachment-thumbnail size-thumbnail\" alt=\"\" \/><\/a>\n\t\t\t<\/div><\/figure><figure class='gallery-item'>\n\t\t\t<div class='gallery-icon landscape'>\n\t\t\t\t<a data-elementor-open-lightbox=\"yes\" data-elementor-lightbox-slideshow=\"00244f8\" data-elementor-lightbox-title=\"screen2\" e-action-hash=\"#elementor-action%3Aaction%3Dlightbox%26settings%3DeyJpZCI6MjM4MiwidXJsIjoiaHR0cHM6XC9cL2VydWRpdGVnby5mclwvd3AtY29udGVudFwvdXBsb2Fkc1wvMjAyNFwvMDlcL3NjcmVlbjIucG5nIiwic2xpZGVzaG93IjoiMDAyNDRmOCJ9\" href='https:\/\/eruditego.fr\/wp-content\/uploads\/2024\/09\/screen2.png'><img loading=\"lazy\" decoding=\"async\" width=\"150\" height=\"150\" src=\"https:\/\/eruditego.fr\/wp-content\/uploads\/2024\/09\/screen2-150x150.png\" class=\"attachment-thumbnail size-thumbnail\" alt=\"\" \/><\/a>\n\t\t\t<\/div><\/figure><figure class='gallery-item'>\n\t\t\t<div class='gallery-icon landscape'>\n\t\t\t\t<a data-elementor-open-lightbox=\"yes\" data-elementor-lightbox-slideshow=\"00244f8\" data-elementor-lightbox-title=\"screen3\" e-action-hash=\"#elementor-action%3Aaction%3Dlightbox%26settings%3DeyJpZCI6MjM4MywidXJsIjoiaHR0cHM6XC9cL2VydWRpdGVnby5mclwvd3AtY29udGVudFwvdXBsb2Fkc1wvMjAyNFwvMDlcL3NjcmVlbjMucG5nIiwic2xpZGVzaG93IjoiMDAyNDRmOCJ9\" href='https:\/\/eruditego.fr\/wp-content\/uploads\/2024\/09\/screen3.png'><img loading=\"lazy\" decoding=\"async\" width=\"150\" height=\"150\" src=\"https:\/\/eruditego.fr\/wp-content\/uploads\/2024\/09\/screen3-150x150.png\" class=\"attachment-thumbnail size-thumbnail\" alt=\"\" \/><\/a>\n\t\t\t<\/div><\/figure><figure class='gallery-item'>\n\t\t\t<div class='gallery-icon landscape'>\n\t\t\t\t<a data-elementor-open-lightbox=\"yes\" data-elementor-lightbox-slideshow=\"00244f8\" data-elementor-lightbox-title=\"screen1\" e-action-hash=\"#elementor-action%3Aaction%3Dlightbox%26settings%3DeyJpZCI6MjM4MSwidXJsIjoiaHR0cHM6XC9cL2VydWRpdGVnby5mclwvd3AtY29udGVudFwvdXBsb2Fkc1wvMjAyNFwvMDlcL3NjcmVlbjEucG5nIiwic2xpZGVzaG93IjoiMDAyNDRmOCJ9\" href='https:\/\/eruditego.fr\/wp-content\/uploads\/2024\/09\/screen1.png'><img loading=\"lazy\" decoding=\"async\" width=\"150\" height=\"150\" src=\"https:\/\/eruditego.fr\/wp-content\/uploads\/2024\/09\/screen1-150x150.png\" class=\"attachment-thumbnail size-thumbnail\" alt=\"\" \/><\/a>\n\t\t\t<\/div><\/figure>\n\t\t<\/div>\n\t\t<\/div>\n\t\t\t\t<\/div>\n\t\t\t\t<\/div>\n\t\t\t\t<div class=\"elementor-element elementor-element-1bb82b9 elementor-widget elementor-widget-cust-button generic-elements cust-button\" data-id=\"1bb82b9\" data-element_type=\"widget\" data-settings=\"{&quot;designs&quot;:&quot;design_1&quot;}\" data-widget_type=\"cust-button.default\">\n\t\t\t\t<div class=\"elementor-widget-container\">\n\t\t\t\r\n    \r\n        <div class=\"lv-gallery-action text-align\">\r\n                                    <a class=\"lv-theme-btn bdevs-el-btn\" href=\"https:\/\/appsource.microsoft.com\/fr-fr\/product\/office\/WA200007554?tab=Overview\">\r\n                            <span class=\"lv-theme-horizontal-line\"><\/span>\r\n                            <span class=\"lv-theme-vertical-line\"><\/span>\r\n                            <span>L&#039;afficher dans le store<\/span>\r\n\r\n                            <i class=\"bdevs-btn-icon fas fa-angle-right\" aria-hidden=\"true\"><\/i>                        <\/a>\r\n                            <\/div>\r\n\r\n            \t\t<\/div>\n\t\t\t\t<\/div>\n\t\t\t\t<div class=\"elementor-element elementor-element-23dddf5 elementor-widget elementor-widget-cust-button generic-elements cust-button\" data-id=\"23dddf5\" data-element_type=\"widget\" data-settings=\"{&quot;designs&quot;:&quot;design_1&quot;}\" data-widget_type=\"cust-button.default\">\n\t\t\t\t<div class=\"elementor-widget-container\">\n\t\t\t\r\n    \r\n        <div class=\"lv-gallery-action text-align\">\r\n                                    <a class=\"lv-theme-btn bdevs-el-btn\" href=\"mailto:commerce@eruditego.fr\">\r\n                            <span class=\"lv-theme-horizontal-line\"><\/span>\r\n                            <span class=\"lv-theme-vertical-line\"><\/span>\r\n                            <span>Nous contacter<\/span>\r\n\r\n                            <i class=\"bdevs-btn-icon fas fa-angle-right\" aria-hidden=\"true\"><\/i>                        <\/a>\r\n                            <\/div>\r\n\r\n            \t\t<\/div>\n\t\t\t\t<\/div>\n\t\t\t\t<div class=\"elementor-element elementor-element-76662c3 elementor-widget elementor-widget-cust-button generic-elements cust-button\" data-id=\"76662c3\" data-element_type=\"widget\" data-settings=\"{&quot;designs&quot;:&quot;design_1&quot;}\" data-widget_type=\"cust-button.default\">\n\t\t\t\t<div class=\"elementor-widget-container\">\n\t\t\t\r\n    \r\n        <div class=\"lv-gallery-action text-align\">\r\n                                    <a class=\"lv-theme-btn bdevs-el-btn\" href=\"https:\/\/eruditego.fr\/apps\/headers\/UserDocumentation-EN.pdf\">\r\n                            <span class=\"lv-theme-horizontal-line\"><\/span>\r\n                            <span class=\"lv-theme-vertical-line\"><\/span>\r\n                            <span>Documentation<\/span>\r\n\r\n                            <i class=\"bdevs-btn-icon fas fa-angle-right\" aria-hidden=\"true\"><\/i>                        <\/a>\r\n                            <\/div>\r\n\r\n            \t\t<\/div>\n\t\t\t\t<\/div>\n\t\t\t\t<div class=\"elementor-element elementor-element-8bbba92 elementor-widget elementor-widget-cust-button generic-elements cust-button\" data-id=\"8bbba92\" data-element_type=\"widget\" data-settings=\"{&quot;designs&quot;:&quot;design_1&quot;}\" data-widget_type=\"cust-button.default\">\n\t\t\t\t<div class=\"elementor-widget-container\">\n\t\t\t\r\n    \r\n        <div class=\"lv-gallery-action text-align\">\r\n                                    <a class=\"lv-theme-btn bdevs-el-btn\" href=\"mailto:support@eruditego.fr\">\r\n                            <span class=\"lv-theme-horizontal-line\"><\/span>\r\n                            <span class=\"lv-theme-vertical-line\"><\/span>\r\n                            <span>Contacter le support<\/span>\r\n\r\n                            <i class=\"bdevs-btn-icon fas fa-angle-right\" aria-hidden=\"true\"><\/i>                        <\/a>\r\n                            <\/div>\r\n\r\n            \t\t<\/div>\n\t\t\t\t<\/div>\n\t\t\t\t\t<\/div>\n\t\t<\/div>\n\t\t\t\t\t\t\t<\/div>\n\t\t<\/section>\n\t\t\t\t<section class=\"elementor-section elementor-top-section elementor-element elementor-element-c330704 elementor-section-boxed elementor-section-height-default elementor-section-height-default\" data-id=\"c330704\" data-element_type=\"section\">\n\t\t\t\t\t\t<div class=\"elementor-container elementor-column-gap-default\">\n\t\t\t\t\t<div class=\"elementor-column elementor-col-100 elementor-top-column elementor-element elementor-element-463760e\" data-id=\"463760e\" data-element_type=\"column\">\n\t\t\t<div class=\"elementor-widget-wrap elementor-element-populated\">\n\t\t\t\t\t\t\t\t<div class=\"elementor-element elementor-element-240b486 elementor-widget elementor-widget-cust_heading generic-elements cust_heading\" data-id=\"240b486\" data-element_type=\"widget\" data-settings=\"{&quot;designs&quot;:&quot;design_1&quot;}\" data-widget_type=\"cust_heading.default\">\n\t\t\t\t<div class=\"elementor-widget-container\">\n\t\t\t                                    <div class=\"bd-section__title common  p-relative z-index-11\">\r\n                                            <span class=\"bd-stroke__title\">Prix<\/span>\r\n                    \r\n                    \r\n                    <h2 class=\"elementor-inline-editing section-title bdevs-el-title  bdevs-el-btn elementor-inline-editing bd-big__title bdevs-el-title\" data-elementor-setting-key=\"title title\">Nos plans de facturation<\/h2>                <\/div>\r\n            \r\n        \r\n\t\t<\/div>\n\t\t\t\t<\/div>\n\t\t\t\t<div class=\"elementor-element elementor-element-10bcfa3 elementor-widget elementor-widget-cust-pricingtable generic-elements cust-pricingtable\" data-id=\"10bcfa3\" data-element_type=\"widget\" data-settings=\"{&quot;designs&quot;:&quot;design_1&quot;}\" data-widget_type=\"cust-pricingtable.default\">\n\t\t\t\t<div class=\"elementor-widget-container\">\n\t\t\t\r\n\r\n        \r\n        <div class=\"row align-items-center g-0\">\r\n            <div class=\"col-xl-4 col-lg-4\">\r\n                <div class=\"bd-pricing-wrapper mb-30\">\r\n                    <div class=\"bd-singel-item\">\r\n                        <div class=\"bd-pricing-content\">\r\n                                                        <h3>Advanced Headers<\/h3>\r\n                            \r\n                                                        <p>Web part pour int\u00e9grer des ent\u00eates personnalisables dans tous les sites SharePoint<\/p>\r\n                                                    <\/div>\r\n                    <\/div>\r\n                <\/div>\r\n            <\/div>\r\n            <div class=\"col-xl-4 col-lg-4\">\r\n                <div class=\"bd-pricing-wrapper text-center mb-30\">\r\n                    <div class=\"bd-singel-item-2\">\r\n                        <div class=\"bd-pricing-content\">\r\n                                                        <h5>Paiement annuel<\/h5>\r\n                                                        <div class=\"pricing-text\">\r\n                               <sub>&#128;<\/sub>\r\n                               <span>49<\/span>\r\n                            <\/div>\r\n\r\n                                                        <span class=\"cancel-text\">HT par mois, paiement \u00e0 l'ann\u00e9e<\/span>\r\n                            \r\n                                                        <a class=\"elementor-inline-editing pricing-btn bdevs-el-btn\" data-elementor-setting-key=\"button_footer\" data-elementor-inline-editing-toolbar=\"none\" href=\"#payment\"><i class=\"fa-regular fa-basket-shopping\"><\/i>S&#039;abonner<\/a>\r\n                                                    <\/div>\r\n                    <\/div>\r\n                <\/div>\r\n            <\/div>\r\n            <div class=\"col-xl-4 col-lg-4\">\r\n                <div class=\"bd-pricing-wrapper mb-30\">\r\n                    <div class=\"bd-singel-item\">\r\n                        <div class=\"bd-pricing-content\">\r\n                            <div class=\"bd-pricing-list\">\r\n                                <ul>\r\n                                     \r\n                                                                        <li><i class=\"far fa-check\"><\/i>Meilleure personnalisation que le standard<\/li>\r\n                                                                         \r\n                                                                        <li><i class=\"far fa-check\"><\/i>Ajout de bouton pour l'interaction<\/li>\r\n                                                                         \r\n                                                                        <li><i class=\"far fa-check\"><\/i>Grande vari\u00e9t\u00e9 d'ent\u00eates r\u00e9alisables<\/li>\r\n                                                                         \r\n                                                                        <li><i class=\"far fa-check\"><\/i>R\u00e9utilisable pour vos titres de page<\/li>\r\n                                                                         \r\n                                                                        <li><i class=\"far fa-check\"><\/i>Mise \u00e0 jour r\u00e9guli\u00e8res<\/li>\r\n                                                                                                        <\/ul>\r\n                            <\/div>\r\n                        <\/div>\r\n                    <\/div>\r\n                <\/div>\r\n            <\/div>\r\n        <\/div>\r\n\r\n\r\n        \r\n        \t\t<\/div>\n\t\t\t\t<\/div>\n\t\t\t\t<div class=\"elementor-element elementor-element-7a4b7a3 elementor-widget elementor-widget-cust-pricingtable generic-elements cust-pricingtable\" data-id=\"7a4b7a3\" data-element_type=\"widget\" data-settings=\"{&quot;designs&quot;:&quot;design_1&quot;}\" data-widget_type=\"cust-pricingtable.default\">\n\t\t\t\t<div class=\"elementor-widget-container\">\n\t\t\t\r\n\r\n        \r\n        <div class=\"row align-items-center g-0\">\r\n            <div class=\"col-xl-4 col-lg-4\">\r\n                <div class=\"bd-pricing-wrapper mb-30\">\r\n                    <div class=\"bd-singel-item\">\r\n                        <div class=\"bd-pricing-content\">\r\n                                                        <h3>Advanced headers<\/h3>\r\n                            \r\n                                                        <p>Web part pour int\u00e9grer des ent\u00eates personnalisables dans tous les sites SharePoint<\/p>\r\n                                                    <\/div>\r\n                    <\/div>\r\n                <\/div>\r\n            <\/div>\r\n            <div class=\"col-xl-4 col-lg-4\">\r\n                <div class=\"bd-pricing-wrapper text-center mb-30\">\r\n                    <div class=\"bd-singel-item-2\">\r\n                        <div class=\"bd-pricing-content\">\r\n                                                        <h5>Paiement mensuel<\/h5>\r\n                                                        <div class=\"pricing-text\">\r\n                               <sub>&#128;<\/sub>\r\n                               <span>69<\/span>\r\n                            <\/div>\r\n\r\n                                                        <span class=\"cancel-text\">HT par mois, paiement mensuel<\/span>\r\n                            \r\n                                                        <a class=\"elementor-inline-editing pricing-btn bdevs-el-btn\" data-elementor-setting-key=\"button_footer\" data-elementor-inline-editing-toolbar=\"none\" href=\"#payment\"><i class=\"fa-regular fa-basket-shopping\"><\/i>S&#039;abonner<\/a>\r\n                                                    <\/div>\r\n                    <\/div>\r\n                <\/div>\r\n            <\/div>\r\n            <div class=\"col-xl-4 col-lg-4\">\r\n                <div class=\"bd-pricing-wrapper mb-30\">\r\n                    <div class=\"bd-singel-item\">\r\n                        <div class=\"bd-pricing-content\">\r\n                            <div class=\"bd-pricing-list\">\r\n                                <ul>\r\n                                     \r\n                                                                        <li><i class=\"far fa-check\"><\/i>Meilleure personnalisation que le standard<\/li>\r\n                                                                         \r\n                                                                        <li><i class=\"far fa-check\"><\/i>Ajout de bouton pour l'int\u00e9raction<\/li>\r\n                                                                         \r\n                                                                        <li><i class=\"far fa-check\"><\/i>Grande vari\u00e9t\u00e9 d'ent\u00eates r\u00e9alisables<\/li>\r\n                                                                         \r\n                                                                        <li><i class=\"far fa-check\"><\/i>R\u00e9utilisable pour vos titres de page<\/li>\r\n                                                                         \r\n                                                                        <li><i class=\"far fa-check\"><\/i>Mise \u00e0 jour r\u00e9guli\u00e8res<\/li>\r\n                                                                                                        <\/ul>\r\n                            <\/div>\r\n                        <\/div>\r\n                    <\/div>\r\n                <\/div>\r\n            <\/div>\r\n        <\/div>\r\n\r\n\r\n        \r\n        \t\t<\/div>\n\t\t\t\t<\/div>\n\t\t\t\t\t<\/div>\n\t\t<\/div>\n\t\t\t\t\t\t\t<\/div>\n\t\t<\/section>\n\t\t\t\t<section class=\"elementor-section elementor-top-section elementor-element elementor-element-6a13060 elementor-section-boxed elementor-section-height-default elementor-section-height-default\" data-id=\"6a13060\" data-element_type=\"section\">\n\t\t\t\t\t\t<div class=\"elementor-container elementor-column-gap-default\">\n\t\t\t\t\t<div class=\"elementor-column elementor-col-100 elementor-top-column elementor-element elementor-element-ddef4c7\" data-id=\"ddef4c7\" data-element_type=\"column\" id=\"payment\">\n\t\t\t<div class=\"elementor-widget-wrap elementor-element-populated\">\n\t\t\t\t\t\t\t\t<div class=\"elementor-element elementor-element-b596c3d elementor-widget elementor-widget-cust_heading generic-elements cust_heading\" data-id=\"b596c3d\" data-element_type=\"widget\" data-settings=\"{&quot;designs&quot;:&quot;design_1&quot;}\" data-widget_type=\"cust_heading.default\">\n\t\t\t\t<div class=\"elementor-widget-container\">\n\t\t\t                                    <div class=\"bd-section__title common  p-relative z-index-11\">\r\n                                            <span class=\"bd-stroke__title\">Prix<\/span>\r\n                    \r\n                    \r\n                    <h2 class=\"elementor-inline-editing section-title bdevs-el-title  bdevs-el-btn elementor-inline-editing bd-big__title bdevs-el-title\" data-elementor-setting-key=\"title title\">Acheter avec une carte de cr\u00e9dit<\/h2>                <\/div>\r\n            \r\n        \r\n\t\t<\/div>\n\t\t\t\t<\/div>\n\t\t\t\t<div class=\"elementor-element elementor-element-74a9b5f elementor-widget elementor-widget-html\" data-id=\"74a9b5f\" data-element_type=\"widget\" data-widget_type=\"html.default\">\n\t\t\t\t<div class=\"elementor-widget-container\">\n\t\t\t<script async\n  src=\"https:\/\/js.stripe.com\/v3\/buy-button.js\">\n<\/script>\n<p style=\"text-align: center\">\n<stripe-buy-button\n  buy-button-id=\"buy_btn_1Q5hgpFrfEiGf1GAa0ACWA72\"\n  publishable-key=\"pk_live_51Mr4bJFrfEiGf1GAdcHCSwVHkqKUoRpSNW55DVlAsnL1F3RHDkSSZe6gECBMi4vi5XsN0KefH39KRjPWcRFcM8Gx003Y3y1z6y\"\n>\n<\/stripe-buy-button>\n<stripe-buy-button\n  buy-button-id=\"buy_btn_1Q5hdKFrfEiGf1GAS6ZP7EY1\"\n  publishable-key=\"pk_live_51Mr4bJFrfEiGf1GAdcHCSwVHkqKUoRpSNW55DVlAsnL1F3RHDkSSZe6gECBMi4vi5XsN0KefH39KRjPWcRFcM8Gx003Y3y1z6y\"\n>\n<\/stripe-buy-button>\n<\/p>\n\n\t\t<\/div>\n\t\t\t\t<\/div>\n\t\t\t\t\t<\/div>\n\t\t<\/div>\n\t\t\t\t\t\t\t<\/div>\n\t\t<\/section>\n\t\t\t\t\t\t\t<\/div>\n\t\t","protected":false},"excerpt":{"rendered":"<p>Header Web part SharePoint Advanced Headers La Web part Advanced Headers offre une approche diff\u00e9rente du standard pour la cr\u00e9ation d&rsquo;ent\u00eate dans SharePoint avec une personnalisation plus avanc\u00e9e et des options plus fines.\u00a0 L&rsquo;ensemble des param\u00e9trages se fait depuis l&rsquo;interface de SharePoint, et est accessible \u00e0 tous les utilisateurs ayant les droits de modification de [&hellip;]<\/p>\n","protected":false},"author":1,"featured_media":0,"parent":0,"menu_order":0,"comment_status":"closed","ping_status":"closed","template":"","meta":{"footnotes":""},"class_list":["post-2369","page","type-page","status-publish","hentry"],"_links":{"self":[{"href":"https:\/\/eruditego.fr\/index.php?rest_route=\/wp\/v2\/pages\/2369","targetHints":{"allow":["GET"]}}],"collection":[{"href":"https:\/\/eruditego.fr\/index.php?rest_route=\/wp\/v2\/pages"}],"about":[{"href":"https:\/\/eruditego.fr\/index.php?rest_route=\/wp\/v2\/types\/page"}],"author":[{"embeddable":true,"href":"https:\/\/eruditego.fr\/index.php?rest_route=\/wp\/v2\/users\/1"}],"replies":[{"embeddable":true,"href":"https:\/\/eruditego.fr\/index.php?rest_route=%2Fwp%2Fv2%2Fcomments&post=2369"}],"version-history":[{"count":19,"href":"https:\/\/eruditego.fr\/index.php?rest_route=\/wp\/v2\/pages\/2369\/revisions"}],"predecessor-version":[{"id":2419,"href":"https:\/\/eruditego.fr\/index.php?rest_route=\/wp\/v2\/pages\/2369\/revisions\/2419"}],"wp:attachment":[{"href":"https:\/\/eruditego.fr\/index.php?rest_route=%2Fwp%2Fv2%2Fmedia&parent=2369"}],"curies":[{"name":"wp","href":"https:\/\/api.w.org\/{rel}","templated":true}]}}